{"id":57,"date":"2018-04-05T20:03:05","date_gmt":"2018-04-05T20:03:05","guid":{"rendered":"http:\/\/academico.fisica.ru\/?page_id=57"},"modified":"2018-04-05T20:04:44","modified_gmt":"2018-04-05T20:04:44","slug":"sesion-1-de-septiembre-2017","status":"publish","type":"page","link":"https:\/\/academico.fisica.ru\/index.php\/sesion-1-de-septiembre-2017\/","title":{"rendered":"Sesi\u00f3n 1 de sept -2017"},"content":{"rendered":"<ol>\n<li><a href=\"http:\/\/academico.fisica.ru\/wp-content\/uploads\/sites\/5\/2018\/04\/Agenda_Consejo_Academico_3-2.docx\">Agenda_Consejo_Academico<\/a><\/li>\n<li><a href=\"http:\/\/academico.fisica.ru\/wp-content\/uploads\/sites\/5\/2018\/04\/Plantilla_Modi_Electiva_V2_2.docx\">Acuerdo de modificaci\u00f3n de electiva Biolog\u00eda<\/a><\/li>\n<li><a href=\"http:\/\/academico.fisica.ru\/wp-content\/uploads\/sites\/5\/2018\/04\/acuerdo_Modificacion_041-V4_1.docx\">Acuerdo de modificaci\u00f3n del art\u00edculo quinto del Acuerdo 041<\/a><\/li>\n<li><a href=\"http:\/\/academico.fisica.ru\/wp-content\/uploads\/sites\/5\/2018\/04\/BORRADOR_PROYECTO_POLITICAS_DE_BIENESTAR_UNIPAMPLONA.doc\">BORRADOR_PROYECTO_POLITICAS_DE_BIENESTAR_UNIPAMPLONA<\/a><\/li>\n<li><a href=\"http:\/\/academico.fisica.ru\/wp-content\/uploads\/sites\/5\/2018\/04\/Proyecto_de_acuerdo_de_Creacion_Maestria_Agrarias_V2-1.docx\">Proyecto_de_acuerdo_de_Creacion_Maestria_Agrarias_V2 <\/a><\/li>\n<\/ol>\n","protected":false},"excerpt":{"rendered":"<p>Agenda_Consejo_Academico Acuerdo de modificaci\u00f3n de electiva Biolog\u00eda Acuerdo de modificaci\u00f3n del art\u00edculo quinto del Acuerdo 041 BORRADOR_PROYECTO_POLITICAS_DE_BIENESTAR_UNIPAMPLONA Proyecto_de_acuerdo_de_Creacion_Maestria_Agrarias_V2<\/p>\n","protected":false},"author":4,"featured_media":0,"parent":0,"menu_order":0,"comment_status":"closed","ping_status":"closed","template":"","meta":{"footnotes":""},"class_list":["post-57","page","type-page","status-publish","hentry"],"_links":{"self":[{"href":"https:\/\/academico.fisica.ru\/index.php\/wp-json\/wp\/v2\/pages\/57","targetHints":{"allow":["GET"]}}],"collection":[{"href":"https:\/\/academico.fisica.ru\/index.php\/wp-json\/wp\/v2\/pages"}],"about":[{"href":"https:\/\/academico.fisica.ru\/index.php\/wp-json\/wp\/v2\/types\/page"}],"author":[{"embeddable":true,"href":"https:\/\/academico.fisica.ru\/index.php\/wp-json\/wp\/v2\/users\/4"}],"replies":[{"embeddable":true,"href":"https:\/\/academico.fisica.ru\/index.php\/wp-json\/wp\/v2\/comments?post=57"}],"version-history":[{"count":2,"href":"https:\/\/academico.fisica.ru\/index.php\/wp-json\/wp\/v2\/pages\/57\/revisions"}],"predecessor-version":[{"id":65,"href":"https:\/\/academico.fisica.ru\/index.php\/wp-json\/wp\/v2\/pages\/57\/revisions\/65"}],"wp:attachment":[{"href":"https:\/\/academico.fisica.ru\/index.php\/wp-json\/wp\/v2\/media?parent=57"}],"curies":[{"name":"wp","href":"https:\/\/api.w.org\/{rel}","templated":true}]}}