{"id":2,"date":"2018-03-29T01:04:01","date_gmt":"2018-03-29T01:04:01","guid":{"rendered":"http:\/\/academico.fisica.ru\/?page_id=2"},"modified":"2018-03-29T01:39:08","modified_gmt":"2018-03-29T01:39:08","slug":"pagina-ejemplo","status":"publish","type":"page","link":"https:\/\/academico.fisica.ru\/index.php\/pagina-ejemplo\/","title":{"rendered":"Sesi\u00f3n 24 de Julio 2017"},"content":{"rendered":"<p>Programaci\u00f3n de sesiones del Consejo Acad\u00e9mico<\/p>\n<table style=\"height: 695px\" width=\"1167\">\n<tbody>\n<tr>\n<td width=\"73\">No. orden<\/td>\n<td width=\"217\">Plazo radicaci\u00f3n de solicitudes ante el consejo acad\u00e9mico<\/td>\n<td width=\"151\">Fechas sesiones del consejo acad\u00e9mico<\/td>\n<td width=\"139\">Lugar<\/td>\n<\/tr>\n<tr>\n<td width=\"73\">1<\/td>\n<td width=\"217\">Hasta 15 de febrero<\/td>\n<td width=\"151\">22 de febrero<\/td>\n<td width=\"139\">Pamplona<\/td>\n<\/tr>\n<tr>\n<td width=\"73\">2<\/td>\n<td width=\"217\">Hasta 1 de marzo<\/td>\n<td width=\"151\">8 de marzo<\/td>\n<td width=\"139\">Pamplona<\/td>\n<\/tr>\n<tr>\n<td width=\"73\">3<\/td>\n<td width=\"217\">Hasta 15 de marzo<\/td>\n<td width=\"151\">22 de marzo<\/td>\n<td width=\"139\">Villa del rosario<\/td>\n<\/tr>\n<tr>\n<td width=\"73\">4<\/td>\n<td width=\"217\">Hasta 29 de marzo<\/td>\n<td width=\"151\">5 de abril<\/td>\n<td width=\"139\">Pamplona<\/td>\n<\/tr>\n<tr>\n<td width=\"73\">5<\/td>\n<td width=\"217\">Hasta 12 de abril<\/td>\n<td width=\"151\">19 de abril<\/td>\n<td width=\"139\">Pamplona<\/td>\n<\/tr>\n<tr>\n<td width=\"73\">6<\/td>\n<td width=\"217\">Hasta 26 de abril<\/td>\n<td width=\"151\">3 de mayo<\/td>\n<td width=\"139\">Villa del rosario<\/td>\n<\/tr>\n<tr>\n<td width=\"73\">7<\/td>\n<td width=\"217\">Hasta 10 de mayo<\/td>\n<td width=\"151\">17 de mayo<\/td>\n<td width=\"139\">Pamplona<\/td>\n<\/tr>\n<tr>\n<td width=\"73\">8<\/td>\n<td width=\"217\">Hasta 24 de mayo<\/td>\n<td width=\"151\">31 de mayo<\/td>\n<td width=\"139\">Pamplona<\/td>\n<\/tr>\n<tr>\n<td width=\"73\">9<\/td>\n<td width=\"217\">Hasta 7 de junio<\/td>\n<td width=\"151\">14\u00a0 de junio<\/td>\n<td width=\"139\">Pamplona<\/td>\n<\/tr>\n<\/tbody>\n<\/table>\n<p><a href=\"http:\/\/academico.fisica.ru\/wp-content\/uploads\/sites\/5\/2018\/03\/acta_elecciones_academico.pdf\" target=\"_blank\" rel=\"noopener\">Documentos de esta sesi\u00f3n<\/a><\/p>\n<p>&nbsp;<\/p>\n","protected":false},"excerpt":{"rendered":"<p>Programaci\u00f3n de sesiones del Consejo Acad\u00e9mico No. orden Plazo radicaci\u00f3n de solicitudes ante el consejo acad\u00e9mico Fechas sesiones del consejo acad\u00e9mico Lugar 1 Hasta 15 de febrero 22 de febrero &hellip; <\/p>\n<p class=\"link-more\"><a href=\"https:\/\/academico.fisica.ru\/index.php\/pagina-ejemplo\/\" class=\"more-link\">Continuar leyendo<span class=\"screen-reader-text\"> \u00abSesi\u00f3n 24 de Julio 2017\u00bb<\/span><\/a><\/p>\n","protected":false},"author":4,"featured_media":0,"parent":0,"menu_order":0,"comment_status":"closed","ping_status":"open","template":"","meta":{"footnotes":""},"class_list":["post-2","page","type-page","status-publish","hentry"],"_links":{"self":[{"href":"https:\/\/academico.fisica.ru\/index.php\/wp-json\/wp\/v2\/pages\/2","targetHints":{"allow":["GET"]}}],"collection":[{"href":"https:\/\/academico.fisica.ru\/index.php\/wp-json\/wp\/v2\/pages"}],"about":[{"href":"https:\/\/academico.fisica.ru\/index.php\/wp-json\/wp\/v2\/types\/page"}],"author":[{"embeddable":true,"href":"https:\/\/academico.fisica.ru\/index.php\/wp-json\/wp\/v2\/users\/4"}],"replies":[{"embeddable":true,"href":"https:\/\/academico.fisica.ru\/index.php\/wp-json\/wp\/v2\/comments?post=2"}],"version-history":[{"count":6,"href":"https:\/\/academico.fisica.ru\/index.php\/wp-json\/wp\/v2\/pages\/2\/revisions"}],"predecessor-version":[{"id":16,"href":"https:\/\/academico.fisica.ru\/index.php\/wp-json\/wp\/v2\/pages\/2\/revisions\/16"}],"wp:attachment":[{"href":"https:\/\/academico.fisica.ru\/index.php\/wp-json\/wp\/v2\/media?parent=2"}],"curies":[{"name":"wp","href":"https:\/\/api.w.org\/{rel}","templated":true}]}}